{"id":54,"date":"2022-12-14T09:24:32","date_gmt":"2022-12-14T09:24:32","guid":{"rendered":"http:\/\/www.arpet.fi\/?page_id=54"},"modified":"2023-07-21T11:53:01","modified_gmt":"2023-07-21T08:53:01","slug":"tietoa-meista","status":"publish","type":"page","link":"https:\/\/www.arpet.fi\/index.php\/tietoa-meista\/","title":{"rendered":"Tietoa meist\u00e4"},"content":{"rendered":"\n<h2 class=\"has-large-font-size\">TIETOA MEIST\u00c4<\/h2>\n\n\n\n<p>Olemme pudasj\u00e4rvel\u00e4inen perheyritys, joka tarjoaa remontti- ja siivouspalveluita Pudasj\u00e4rvell\u00e4 ja l\u00e4hialueilla. Nautimme haasteista, yksil\u00f6llisten kohteiden toteuttamisesta ja erityisesti siit\u00e4 ylpeyden tunteesta, jonka kohteen luovutus meiss\u00e4 her\u00e4tt\u00e4\u00e4!<\/p>\n\n\n\n<p> Asiakastyytyv\u00e4isyys on meille t\u00e4rkeint\u00e4. Pienyritt\u00e4j\u00e4n\u00e4 meid\u00e4n on helppo joustaa asiakkaiden tarpeiden mukaisesti, joten voimme aina neuvotella sopivan aikataulun ja kohtuullisen hinnan. Aina ennen ty\u00f6n aloitusta saat kirjallisen sopimuksen sovituista t\u00f6ist\u00e4 ja hinnasta. <\/p>\n\n\n\n<p><\/p>\n","protected":false},"excerpt":{"rendered":"<p>TIETOA MEIST\u00c4 Olemme pudasj\u00e4rvel\u00e4inen perheyritys, joka tarjoaa remontti- ja siivouspalveluita Pudasj\u00e4rvell\u00e4 ja l\u00e4hialueilla. Nautimme haasteista, [&hellip;]<\/p>\n","protected":false},"author":1,"featured_media":0,"parent":0,"menu_order":0,"comment_status":"closed","ping_status":"closed","template":"page-no-title","meta":{"om_disable_all_campaigns":false,"_monsterinsights_skip_tracking":false,"_monsterinsights_sitenote_active":false,"_monsterinsights_sitenote_note":"","_monsterinsights_sitenote_category":0},"aioseo_notices":[],"yoast_head":"<!-- This site is optimized with the Yoast SEO plugin v21.1 - https:\/\/yoast.com\/wordpress\/plugins\/seo\/ -->\n<title>Tietoa meist\u00e4 -<\/title>\n<meta name=\"robots\" content=\"index, follow, max-snippet:-1, max-image-preview:large, max-video-preview:-1\" \/>\n<link rel=\"canonical\" href=\"https:\/\/www.arpet.fi\/index.php\/tietoa-meista\/\" \/>\n<meta property=\"og:locale\" content=\"fi_FI\" \/>\n<meta property=\"og:type\" content=\"article\" \/>\n<meta property=\"og:title\" content=\"Tietoa meist\u00e4 -\" \/>\n<meta property=\"og:description\" content=\"TIETOA MEIST\u00c4 Olemme pudasj\u00e4rvel\u00e4inen perheyritys, joka tarjoaa remontti- ja siivouspalveluita Pudasj\u00e4rvell\u00e4 ja l\u00e4hialueilla. Nautimme haasteista, [&hellip;]\" \/>\n<meta property=\"og:url\" content=\"https:\/\/www.arpet.fi\/index.php\/tietoa-meista\/\" \/>\n<meta property=\"article:modified_time\" content=\"2023-07-21T08:53:01+00:00\" \/>\n<meta name=\"twitter:card\" content=\"summary_large_image\" \/>\n<meta name=\"twitter:label1\" content=\"Arvioitu lukuaika\" \/>\n\t<meta name=\"twitter:data1\" content=\"1 minuutti\" \/>\n<script type=\"application\/ld+json\" class=\"yoast-schema-graph\">{\"@context\":\"https:\/\/schema.org\",\"@graph\":[{\"@type\":\"WebPage\",\"@id\":\"https:\/\/www.arpet.fi\/index.php\/tietoa-meista\/\",\"url\":\"https:\/\/www.arpet.fi\/index.php\/tietoa-meista\/\",\"name\":\"Tietoa meist\u00e4 -\",\"isPartOf\":{\"@id\":\"https:\/\/www.arpet.fi\/#website\"},\"datePublished\":\"2022-12-14T09:24:32+00:00\",\"dateModified\":\"2023-07-21T08:53:01+00:00\",\"breadcrumb\":{\"@id\":\"https:\/\/www.arpet.fi\/index.php\/tietoa-meista\/#breadcrumb\"},\"inLanguage\":\"fi\",\"potentialAction\":[{\"@type\":\"ReadAction\",\"target\":[\"https:\/\/www.arpet.fi\/index.php\/tietoa-meista\/\"]}]},{\"@type\":\"BreadcrumbList\",\"@id\":\"https:\/\/www.arpet.fi\/index.php\/tietoa-meista\/#breadcrumb\",\"itemListElement\":[{\"@type\":\"ListItem\",\"position\":1,\"name\":\"Etusivu\",\"item\":\"https:\/\/www.arpet.fi\/\"},{\"@type\":\"ListItem\",\"position\":2,\"name\":\"Tietoa meist\u00e4\"}]},{\"@type\":\"WebSite\",\"@id\":\"https:\/\/www.arpet.fi\/#website\",\"url\":\"https:\/\/www.arpet.fi\/\",\"name\":\"\",\"description\":\"Remontti- ja siivouspalvelut\",\"potentialAction\":[{\"@type\":\"SearchAction\",\"target\":{\"@type\":\"EntryPoint\",\"urlTemplate\":\"https:\/\/www.arpet.fi\/?s={search_term_string}\"},\"query-input\":\"required name=search_term_string\"}],\"inLanguage\":\"fi\"}]}<\/script>\n<!-- \/ Yoast SEO plugin. -->","yoast_head_json":{"title":"Tietoa meist\u00e4 -","robots":{"index":"index","follow":"follow","max-snippet":"max-snippet:-1","max-image-preview":"max-image-preview:large","max-video-preview":"max-video-preview:-1"},"canonical":"https:\/\/www.arpet.fi\/index.php\/tietoa-meista\/","og_locale":"fi_FI","og_type":"article","og_title":"Tietoa meist\u00e4 -","og_description":"TIETOA MEIST\u00c4 Olemme pudasj\u00e4rvel\u00e4inen perheyritys, joka tarjoaa remontti- ja siivouspalveluita Pudasj\u00e4rvell\u00e4 ja l\u00e4hialueilla. Nautimme haasteista, [&hellip;]","og_url":"https:\/\/www.arpet.fi\/index.php\/tietoa-meista\/","article_modified_time":"2023-07-21T08:53:01+00:00","twitter_card":"summary_large_image","twitter_misc":{"Arvioitu lukuaika":"1 minuutti"},"schema":{"@context":"https:\/\/schema.org","@graph":[{"@type":"WebPage","@id":"https:\/\/www.arpet.fi\/index.php\/tietoa-meista\/","url":"https:\/\/www.arpet.fi\/index.php\/tietoa-meista\/","name":"Tietoa meist\u00e4 -","isPartOf":{"@id":"https:\/\/www.arpet.fi\/#website"},"datePublished":"2022-12-14T09:24:32+00:00","dateModified":"2023-07-21T08:53:01+00:00","breadcrumb":{"@id":"https:\/\/www.arpet.fi\/index.php\/tietoa-meista\/#breadcrumb"},"inLanguage":"fi","potentialAction":[{"@type":"ReadAction","target":["https:\/\/www.arpet.fi\/index.php\/tietoa-meista\/"]}]},{"@type":"BreadcrumbList","@id":"https:\/\/www.arpet.fi\/index.php\/tietoa-meista\/#breadcrumb","itemListElement":[{"@type":"ListItem","position":1,"name":"Etusivu","item":"https:\/\/www.arpet.fi\/"},{"@type":"ListItem","position":2,"name":"Tietoa meist\u00e4"}]},{"@type":"WebSite","@id":"https:\/\/www.arpet.fi\/#website","url":"https:\/\/www.arpet.fi\/","name":"","description":"Remontti- ja siivouspalvelut","potentialAction":[{"@type":"SearchAction","target":{"@type":"EntryPoint","urlTemplate":"https:\/\/www.arpet.fi\/?s={search_term_string}"},"query-input":"required name=search_term_string"}],"inLanguage":"fi"}]}},"_links":{"self":[{"href":"https:\/\/www.arpet.fi\/index.php\/wp-json\/wp\/v2\/pages\/54"}],"collection":[{"href":"https:\/\/www.arpet.fi\/index.php\/wp-json\/wp\/v2\/pages"}],"about":[{"href":"https:\/\/www.arpet.fi\/index.php\/wp-json\/wp\/v2\/types\/page"}],"author":[{"embeddable":true,"href":"https:\/\/www.arpet.fi\/index.php\/wp-json\/wp\/v2\/users\/1"}],"replies":[{"embeddable":true,"href":"https:\/\/www.arpet.fi\/index.php\/wp-json\/wp\/v2\/comments?post=54"}],"version-history":[{"count":4,"href":"https:\/\/www.arpet.fi\/index.php\/wp-json\/wp\/v2\/pages\/54\/revisions"}],"predecessor-version":[{"id":256,"href":"https:\/\/www.arpet.fi\/index.php\/wp-json\/wp\/v2\/pages\/54\/revisions\/256"}],"wp:attachment":[{"href":"https:\/\/www.arpet.fi\/index.php\/wp-json\/wp\/v2\/media?parent=54"}],"curies":[{"name":"wp","href":"https:\/\/api.w.org\/{rel}","templated":true}]}}