{"id":45,"date":"2022-12-14T08:41:38","date_gmt":"2022-12-14T08:41:38","guid":{"rendered":"http:\/\/www.arpet.fi\/?page_id=45"},"modified":"2023-07-21T11:53:33","modified_gmt":"2023-07-21T08:53:33","slug":"remonttipalvelut","status":"publish","type":"page","link":"https:\/\/www.arpet.fi\/index.php\/remonttipalvelut\/","title":{"rendered":"REMONTTIPALVELUT PUDASJ\u00c4RVI"},"content":{"rendered":"\n<h1>REMONTTIPALVELUT<\/h1>\n\n\n\n<p class=\"wp-elements-5f3f5dc12ba1e8e09e40b4206421b8f7 has-content-dark-background-color has-background has-link-color\">Meilt\u00e4 onnistuvat kaikki remontit lattiasta kattoon sek\u00e4 piharakennuksista terasseihin.  Toteutamme kaikenlaiset kodin ja yritysten remontti- ja saneerausty\u00f6t luotettavasti, laadukkaasti ja ammattitaitoisesti takuuty\u00f6n\u00e4. &nbsp;Mik\u00e4li suunnitelmissasi on remontointi tai rakentaminen, <a href=\"https:\/\/www.arpet.fi\/index.php\/ota-yhteytta\/\">ota yhteytt\u00e4!<\/a><\/p>\n\n\n\n<p><\/p>\n\n\n\n<p class=\"has-dark-gray-color has-text-color\"><em>Remonttipalvelut Pudasj\u00e4rvi<\/em><\/p>\n\n\n\n<div class=\"wp-block-media-text alignwide is-stacked-on-mobile\" style=\"grid-template-columns:15% auto\"><figure class=\"wp-block-media-text__media\"><img fetchpriority=\"high\" decoding=\"async\" width=\"737\" height=\"1024\" src=\"https:\/\/www.arpet.fi\/wp-content\/uploads\/2022\/12\/WhatsApp-Image-2022-12-13-at-17.39.24-1-1-737x1024.jpeg\" alt=\"\" class=\"wp-image-63 size-full\" srcset=\"https:\/\/www.arpet.fi\/wp-content\/uploads\/2022\/12\/WhatsApp-Image-2022-12-13-at-17.39.24-1-1-737x1024.jpeg 737w, https:\/\/www.arpet.fi\/wp-content\/uploads\/2022\/12\/WhatsApp-Image-2022-12-13-at-17.39.24-1-1-216x300.jpeg 216w, https:\/\/www.arpet.fi\/wp-content\/uploads\/2022\/12\/WhatsApp-Image-2022-12-13-at-17.39.24-1-1-768x1067.jpeg 768w, https:\/\/www.arpet.fi\/wp-content\/uploads\/2022\/12\/WhatsApp-Image-2022-12-13-at-17.39.24-1-1.jpeg 900w\" sizes=\"(max-width: 737px) 100vw, 737px\" \/><\/figure><div class=\"wp-block-media-text__content\">\n<h2>Kylpyhuone- ja saunaremontit<\/h2>\n\n\n\n<p>Suunnittelemme kest\u00e4v\u00e4t ratkaisut kylpyhuoneeseen ja saunaan.  Laadukkaat materiaalit ja huolellinen ty\u00f6 varmistavat toimivan ja pitk\u00e4ik\u00e4isen lopputuloksen. Onnistunut sauna- ja kylpyhuoneremontti edellytt\u00e4\u00e4 huolellista suunnittelua ja ammattitaitoista toteutusta, jossa t\u00e4rke\u00e4ss\u00e4 roolissa on kunnollinen vesieristys.&nbsp;Meill\u00e4 on vesieristyssertifikaatit.<\/p>\n<\/div><\/div>\n\n\n\n<div class=\"wp-block-media-text alignwide is-stacked-on-mobile\" style=\"grid-template-columns:15% auto\"><figure class=\"wp-block-media-text__media\"><img decoding=\"async\" width=\"738\" height=\"1024\" src=\"https:\/\/www.arpet.fi\/wp-content\/uploads\/2022\/12\/WhatsApp-Image-2022-12-13-at-17.39.17-1-3-738x1024.jpeg\" alt=\"\" class=\"wp-image-80 size-full\" srcset=\"https:\/\/www.arpet.fi\/wp-content\/uploads\/2022\/12\/WhatsApp-Image-2022-12-13-at-17.39.17-1-3-738x1024.jpeg 738w, https:\/\/www.arpet.fi\/wp-content\/uploads\/2022\/12\/WhatsApp-Image-2022-12-13-at-17.39.17-1-3-216x300.jpeg 216w, https:\/\/www.arpet.fi\/wp-content\/uploads\/2022\/12\/WhatsApp-Image-2022-12-13-at-17.39.17-1-3-768x1066.jpeg 768w, https:\/\/www.arpet.fi\/wp-content\/uploads\/2022\/12\/WhatsApp-Image-2022-12-13-at-17.39.17-1-3.jpeg 1080w\" sizes=\"(max-width: 738px) 100vw, 738px\" \/><\/figure><div class=\"wp-block-media-text__content\">\n<h2>Huoneistoremontit<\/h2>\n\n\n\n<p>Toteutamme kaikenlaiset remontit pienest\u00e4 pintojen p\u00e4ivityksest\u00e4 kokonaisvaltaiseen huoneistoremonttiin ja kaikkea silt\u00e4 v\u00e4lilt\u00e4. Vankka kokemus ja osaaminen erilaisista remonteista takaavat sen, ett\u00e4 jokainen huoneistoremontti tulee tehty\u00e4 asiantuntevasti ja laadukkaasti. <\/p>\n<\/div><\/div>\n\n\n\n<div class=\"wp-block-media-text alignwide is-stacked-on-mobile\" style=\"grid-template-columns:15% auto\"><figure class=\"wp-block-media-text__media\"><img decoding=\"async\" width=\"500\" height=\"500\" src=\"https:\/\/www.arpet.fi\/wp-content\/uploads\/2022\/12\/Nimeton-suunn.malli_-2.png\" alt=\"\" class=\"wp-image-83 size-full\" srcset=\"https:\/\/www.arpet.fi\/wp-content\/uploads\/2022\/12\/Nimeton-suunn.malli_-2.png 500w, https:\/\/www.arpet.fi\/wp-content\/uploads\/2022\/12\/Nimeton-suunn.malli_-2-300x300.png 300w, https:\/\/www.arpet.fi\/wp-content\/uploads\/2022\/12\/Nimeton-suunn.malli_-2-150x150.png 150w\" sizes=\"(max-width: 500px) 100vw, 500px\" \/><\/figure><div class=\"wp-block-media-text__content\">\n<h2>Palvelut yrityksille ja taloyhti\u00f6ille<\/h2>\n\n\n\n<p>Toteutamme my\u00f6s erilaiset liiketilojen ja kiinteist\u00f6jen remontoinnit ammattitaidolla ja kustannustehokkaasti. My\u00f6s piha-aitojen rakennukset, ulkomaalaukset tai huoneisto-ovien vaihdot hoituu!<\/p>\n<\/div><\/div>\n\n\n\n<div class=\"wp-block-media-text alignwide is-stacked-on-mobile\" style=\"grid-template-columns:15% auto\"><figure class=\"wp-block-media-text__media\"><img loading=\"lazy\" decoding=\"async\" width=\"500\" height=\"500\" src=\"https:\/\/www.arpet.fi\/wp-content\/uploads\/2022\/12\/Nimeton-suunn.malli_-4.png\" alt=\"\" class=\"wp-image-85 size-full\" srcset=\"https:\/\/www.arpet.fi\/wp-content\/uploads\/2022\/12\/Nimeton-suunn.malli_-4.png 500w, https:\/\/www.arpet.fi\/wp-content\/uploads\/2022\/12\/Nimeton-suunn.malli_-4-300x300.png 300w, https:\/\/www.arpet.fi\/wp-content\/uploads\/2022\/12\/Nimeton-suunn.malli_-4-150x150.png 150w\" sizes=\"(max-width: 500px) 100vw, 500px\" \/><\/figure><div class=\"wp-block-media-text__content\">\n<h2>Uudisrakentaminen<\/h2>\n\n\n\n<p>Meilt\u00e4 onnistuu my\u00f6s kaikenlainen uudisrakentaminen piharakennuksista talon rakennukseen. <\/p>\n<\/div><\/div>\n","protected":false},"excerpt":{"rendered":"<p>REMONTTIPALVELUT Meilt\u00e4 onnistuvat kaikki remontit lattiasta kattoon sek\u00e4 piharakennuksista terasseihin. Toteutamme kaikenlaiset kodin ja yritysten [&hellip;]<\/p>\n","protected":false},"author":1,"featured_media":0,"parent":0,"menu_order":0,"comment_status":"closed","ping_status":"closed","template":"page-no-title","meta":{"om_disable_all_campaigns":false,"_monsterinsights_skip_tracking":false,"_monsterinsights_sitenote_active":false,"_monsterinsights_sitenote_note":"","_monsterinsights_sitenote_category":0},"aioseo_notices":[],"yoast_head":"<!-- This site is optimized with the Yoast SEO plugin v21.1 - https:\/\/yoast.com\/wordpress\/plugins\/seo\/ -->\n<title>REMONTTIPALVELUT PUDASJ\u00c4RVI -<\/title>\n<meta name=\"robots\" content=\"index, follow, max-snippet:-1, max-image-preview:large, max-video-preview:-1\" \/>\n<link rel=\"canonical\" href=\"https:\/\/www.arpet.fi\/index.php\/remonttipalvelut\/\" \/>\n<meta property=\"og:locale\" content=\"fi_FI\" \/>\n<meta property=\"og:type\" content=\"article\" \/>\n<meta property=\"og:title\" content=\"REMONTTIPALVELUT PUDASJ\u00c4RVI -\" \/>\n<meta property=\"og:description\" content=\"REMONTTIPALVELUT Meilt\u00e4 onnistuvat kaikki remontit lattiasta kattoon sek\u00e4 piharakennuksista terasseihin. Toteutamme kaikenlaiset kodin ja yritysten [&hellip;]\" \/>\n<meta property=\"og:url\" content=\"https:\/\/www.arpet.fi\/index.php\/remonttipalvelut\/\" \/>\n<meta property=\"article:modified_time\" content=\"2023-07-21T08:53:33+00:00\" \/>\n<meta property=\"og:image\" content=\"http:\/\/www.arpet.fi\/wp-content\/uploads\/2022\/12\/WhatsApp-Image-2022-12-13-at-17.39.24-1-1-737x1024.jpeg\" \/>\n<meta name=\"twitter:card\" content=\"summary_large_image\" \/>\n<meta name=\"twitter:label1\" content=\"Arvioitu lukuaika\" \/>\n\t<meta name=\"twitter:data1\" content=\"2 minuuttia\" \/>\n<script type=\"application\/ld+json\" class=\"yoast-schema-graph\">{\"@context\":\"https:\/\/schema.org\",\"@graph\":[{\"@type\":\"WebPage\",\"@id\":\"https:\/\/www.arpet.fi\/index.php\/remonttipalvelut\/\",\"url\":\"https:\/\/www.arpet.fi\/index.php\/remonttipalvelut\/\",\"name\":\"REMONTTIPALVELUT PUDASJ\u00c4RVI -\",\"isPartOf\":{\"@id\":\"https:\/\/www.arpet.fi\/#website\"},\"datePublished\":\"2022-12-14T08:41:38+00:00\",\"dateModified\":\"2023-07-21T08:53:33+00:00\",\"breadcrumb\":{\"@id\":\"https:\/\/www.arpet.fi\/index.php\/remonttipalvelut\/#breadcrumb\"},\"inLanguage\":\"fi\",\"potentialAction\":[{\"@type\":\"ReadAction\",\"target\":[\"https:\/\/www.arpet.fi\/index.php\/remonttipalvelut\/\"]}]},{\"@type\":\"BreadcrumbList\",\"@id\":\"https:\/\/www.arpet.fi\/index.php\/remonttipalvelut\/#breadcrumb\",\"itemListElement\":[{\"@type\":\"ListItem\",\"position\":1,\"name\":\"Etusivu\",\"item\":\"https:\/\/www.arpet.fi\/\"},{\"@type\":\"ListItem\",\"position\":2,\"name\":\"REMONTTIPALVELUT PUDASJ\u00c4RVI\"}]},{\"@type\":\"WebSite\",\"@id\":\"https:\/\/www.arpet.fi\/#website\",\"url\":\"https:\/\/www.arpet.fi\/\",\"name\":\"\",\"description\":\"Remontti- ja siivouspalvelut\",\"potentialAction\":[{\"@type\":\"SearchAction\",\"target\":{\"@type\":\"EntryPoint\",\"urlTemplate\":\"https:\/\/www.arpet.fi\/?s={search_term_string}\"},\"query-input\":\"required name=search_term_string\"}],\"inLanguage\":\"fi\"}]}<\/script>\n<!-- \/ Yoast SEO plugin. -->","yoast_head_json":{"title":"REMONTTIPALVELUT PUDASJ\u00c4RVI -","robots":{"index":"index","follow":"follow","max-snippet":"max-snippet:-1","max-image-preview":"max-image-preview:large","max-video-preview":"max-video-preview:-1"},"canonical":"https:\/\/www.arpet.fi\/index.php\/remonttipalvelut\/","og_locale":"fi_FI","og_type":"article","og_title":"REMONTTIPALVELUT PUDASJ\u00c4RVI -","og_description":"REMONTTIPALVELUT Meilt\u00e4 onnistuvat kaikki remontit lattiasta kattoon sek\u00e4 piharakennuksista terasseihin. Toteutamme kaikenlaiset kodin ja yritysten [&hellip;]","og_url":"https:\/\/www.arpet.fi\/index.php\/remonttipalvelut\/","article_modified_time":"2023-07-21T08:53:33+00:00","og_image":[{"url":"http:\/\/www.arpet.fi\/wp-content\/uploads\/2022\/12\/WhatsApp-Image-2022-12-13-at-17.39.24-1-1-737x1024.jpeg"}],"twitter_card":"summary_large_image","twitter_misc":{"Arvioitu lukuaika":"2 minuuttia"},"schema":{"@context":"https:\/\/schema.org","@graph":[{"@type":"WebPage","@id":"https:\/\/www.arpet.fi\/index.php\/remonttipalvelut\/","url":"https:\/\/www.arpet.fi\/index.php\/remonttipalvelut\/","name":"REMONTTIPALVELUT PUDASJ\u00c4RVI -","isPartOf":{"@id":"https:\/\/www.arpet.fi\/#website"},"datePublished":"2022-12-14T08:41:38+00:00","dateModified":"2023-07-21T08:53:33+00:00","breadcrumb":{"@id":"https:\/\/www.arpet.fi\/index.php\/remonttipalvelut\/#breadcrumb"},"inLanguage":"fi","potentialAction":[{"@type":"ReadAction","target":["https:\/\/www.arpet.fi\/index.php\/remonttipalvelut\/"]}]},{"@type":"BreadcrumbList","@id":"https:\/\/www.arpet.fi\/index.php\/remonttipalvelut\/#breadcrumb","itemListElement":[{"@type":"ListItem","position":1,"name":"Etusivu","item":"https:\/\/www.arpet.fi\/"},{"@type":"ListItem","position":2,"name":"REMONTTIPALVELUT PUDASJ\u00c4RVI"}]},{"@type":"WebSite","@id":"https:\/\/www.arpet.fi\/#website","url":"https:\/\/www.arpet.fi\/","name":"","description":"Remontti- ja siivouspalvelut","potentialAction":[{"@type":"SearchAction","target":{"@type":"EntryPoint","urlTemplate":"https:\/\/www.arpet.fi\/?s={search_term_string}"},"query-input":"required name=search_term_string"}],"inLanguage":"fi"}]}},"_links":{"self":[{"href":"https:\/\/www.arpet.fi\/index.php\/wp-json\/wp\/v2\/pages\/45"}],"collection":[{"href":"https:\/\/www.arpet.fi\/index.php\/wp-json\/wp\/v2\/pages"}],"about":[{"href":"https:\/\/www.arpet.fi\/index.php\/wp-json\/wp\/v2\/types\/page"}],"author":[{"embeddable":true,"href":"https:\/\/www.arpet.fi\/index.php\/wp-json\/wp\/v2\/users\/1"}],"replies":[{"embeddable":true,"href":"https:\/\/www.arpet.fi\/index.php\/wp-json\/wp\/v2\/comments?post=45"}],"version-history":[{"count":19,"href":"https:\/\/www.arpet.fi\/index.php\/wp-json\/wp\/v2\/pages\/45\/revisions"}],"predecessor-version":[{"id":257,"href":"https:\/\/www.arpet.fi\/index.php\/wp-json\/wp\/v2\/pages\/45\/revisions\/257"}],"wp:attachment":[{"href":"https:\/\/www.arpet.fi\/index.php\/wp-json\/wp\/v2\/media?parent=45"}],"curies":[{"name":"wp","href":"https:\/\/api.w.org\/{rel}","templated":true}]}}