{"id":310,"date":"2024-10-16T10:36:30","date_gmt":"2024-10-16T07:36:30","guid":{"rendered":"https:\/\/www.arpet.fi\/?page_id=310"},"modified":"2024-10-16T10:52:32","modified_gmt":"2024-10-16T07:52:32","slug":"remonttiraha-arvonnan-saannot","status":"publish","type":"page","link":"https:\/\/www.arpet.fi\/index.php\/remonttiraha-arvonnan-saannot\/","title":{"rendered":"REMONTTIRAHA &#8211; ARVONNAN S\u00c4\u00c4NN\u00d6T"},"content":{"rendered":"\n<p><strong>Arvonnan s\u00e4\u00e4nn\u00f6t<\/strong><\/p>\n\n\n\n<ol>\n<li><strong>Kilpailun j\u00e4rjest\u00e4j\u00e4:<\/strong><\/li>\n<\/ol>\n\n\n\n<p>     ARPET OY<\/p>\n\n\n\n<ol start=\"2\">\n<li><strong>Osallistumisoikeus:\u00a0<\/strong>Osallistumisoikeus on kaikilla 18 vuotta t\u00e4ytt\u00e4neill\u00e4 Suomessa asuvilla luonnollisilla henkil\u00f6ill\u00e4. Osallistuminen edellytt\u00e4\u00e4 v\u00e4hint\u00e4\u00e4n 3000 euron arvoisen remontin tilaamista 15.10 &#8211; 1.12.2024 v\u00e4lisen\u00e4 aikana. Mik\u00e4li arvonnan voittaja on menetellyt n\u00e4iden s\u00e4\u00e4nt\u00f6jen vastaisesti tai muutoin lainvastaisesti, t\u00e4m\u00e4 johtaa hylk\u00e4\u00e4miseen. Arvonnan j\u00e4rjest\u00e4j\u00e4 ei vastaa teknisist\u00e4 syist\u00e4 perille tulemattomista viesteist\u00e4 tai viesteist\u00e4, jotka ovat puutteellisia, asiattomia tai lukukelvottomia. ARPET OY:n ty\u00f6ntekij\u00e4t ja kilpailun tuottamiseen osallistuneiden organisaatioiden ty\u00f6ntekij\u00e4t eiv\u00e4t voi osallistua kilpailuun.<\/li>\n\n\n\n<li><strong>Kilpailuaika:\u00a0<\/strong>Arvontaan voi osallistua 15.10.2024 \u2013 1.12.2024 v\u00e4lisen\u00e4 aikana. P\u00e4\u00e4ttymisajan j\u00e4lkeen vastaanotettuja osallistumisia\/tarjouksia ei oteta huomioon arvonnassa. Arvonta suoritetaan 15.12.2024 menness\u00e4. ARPET OY pid\u00e4tt\u00e4\u00e4 oikeuden mahdollisiin aikataulumuutoksiin.<\/li>\n\n\n\n<li><strong>Palkinnot:\u00a0<\/strong>ARPET OY arpoo kilpailuaikana kilpailuun osallistuneiden kesken remonttirahaa 500 \u20ac. Ty\u00f6kohde hinnoitellaan normaalien hinnoitteluperiaatteiden mukaisesti.  Voittaja saa 500 euron arvoisen alennuksen sovitusta urakkahinnasta. Jos arvonnan voittaja on tilannut remontin, joka on toteutettu arvonnan aikana, palkintosumma hyvitet\u00e4\u00e4n voittajalle j\u00e4lkik\u00e4teen.<\/li>\n\n\n\n<li><strong>Arpajaisvero:\u00a0<\/strong>ARPET OY maksaa arpajaisveron.<\/li>\n\n\n\n<li><strong>Kilpailuun osallistuminen:\u00a0<\/strong>Tilaamalla remontin (arvo yli 3000e) arvonnan aikana, osallistut automaattisesti arvontaan. <\/li>\n\n\n\n<li><strong>Voittajille ilmoittaminen:&nbsp;<\/strong>Voittajille ilmoitetaan henkil\u00f6kohtaisesti. Voittajien nimet voidaan julkaista kilpailun j\u00e4rjest\u00e4j\u00e4n internetsivuilla ja sosiaalisen median kanavissa ilman erillist\u00e4 suostumusta. Mik\u00e4li voittajaa ei tavoiteta kahden (2) viikon kuluessa arvonnasta, suoritetaan uusi arvonta.<\/li>\n\n\n\n<li><strong>J\u00e4rjest\u00e4j\u00e4n vastuu:&nbsp;<\/strong>Mik\u00e4li kilpailusta kertovissa materiaaleissa esiintyy virheit\u00e4, j\u00e4rjest\u00e4j\u00e4 ei ole vastuussa virheen aiheuttamista seuraamuksista.<\/li>\n\n\n\n<li><strong>Palkinnon k\u00e4ytt\u00e4miseen liittyv\u00e4 vastuu:&nbsp;<\/strong>Palkinnon voittaja sitoutuu vapauttamaan j\u00e4rjest\u00e4j\u00e4n vastuusta, joka aiheutuu tai v\u00e4itet\u00e4\u00e4n aiheutuneen osallistumisesta t\u00e4h\u00e4n kilpailuun tai&nbsp; palkinnon lunastamisesta tai sen k\u00e4ytt\u00e4misest\u00e4. T\u00e4m\u00e4 vastuuvapaus ei kuitenkaan heikenn\u00e4 kuluttajalle kuluttajansuojalain nojalla kuuluvia oikeuksia. J\u00e4rjest\u00e4j\u00e4n vastuu osanottajia kohtaan ei miss\u00e4\u00e4n&nbsp; tapauksessa kuitenkaan ylit\u00e4 n\u00e4iss\u00e4 s\u00e4\u00e4nn\u00f6iss\u00e4 mainitun palkinnon arvoa tai m\u00e4\u00e4r\u00e4\u00e4.<\/li>\n\n\n\n<li><strong>S\u00e4\u00e4nt\u00f6muutokset ja arvonnan peruuttaminen:&nbsp;<\/strong>J\u00e4rjest\u00e4j\u00e4 pid\u00e4tt\u00e4\u00e4 oikeuden s\u00e4\u00e4nt\u00f6muutoksiin ilmoittamalla niist\u00e4 arvonnan verkkosivulla. J\u00e4rjest\u00e4j\u00e4ll\u00e4 on oikeus peruuttaa koko arvonta ylivoimaisen esteen (force majeure) tai vastaavan tapahtuman johdosta.<\/li>\n<\/ol>\n\n\n\n<p><strong>Muuta:\u00a0<\/strong> Arvonnan p\u00e4\u00e4ttymisest\u00e4 ja arvonnan voittajasta voidaan ilmoittaa kaikille siihen osallistuneille henkil\u00f6ille. Arvontaan osallistumalla hyv\u00e4ksyt n\u00e4m\u00e4 s\u00e4\u00e4nn\u00f6t ja sitoudut noudattamaan j\u00e4rjest\u00e4j\u00e4n p\u00e4\u00e4t\u00f6ksi\u00e4.<\/p>\n\n\n\n<p><strong>P\u00e4\u00e4ttymisajan j\u00e4lkeen vastaanotettuja osallistumisia ei oteta huomioon. Arvonta suoritetaan 15.12.2024 menness\u00e4. ARPET OY pid\u00e4tt\u00e4\u00e4 oikeuden mahdollisiin aikataulumuutoksiin.<\/strong><\/p>\n","protected":false},"excerpt":{"rendered":"<p>Arvonnan s\u00e4\u00e4nn\u00f6t ARPET OY Muuta:\u00a0 Arvonnan p\u00e4\u00e4ttymisest\u00e4 ja arvonnan voittajasta voidaan ilmoittaa kaikille siihen osallistuneille [&hellip;]<\/p>\n","protected":false},"author":1,"featured_media":0,"parent":0,"menu_order":0,"comment_status":"closed","ping_status":"closed","template":"page-no-title","meta":{"om_disable_all_campaigns":false,"_monsterinsights_skip_tracking":false,"_monsterinsights_sitenote_active":false,"_monsterinsights_sitenote_note":"","_monsterinsights_sitenote_category":0},"aioseo_notices":[],"yoast_head":"<!-- This site is optimized with the Yoast SEO plugin v21.1 - https:\/\/yoast.com\/wordpress\/plugins\/seo\/ -->\n<title>REMONTTIRAHA - ARVONNAN S\u00c4\u00c4NN\u00d6T -<\/title>\n<meta name=\"robots\" content=\"index, follow, max-snippet:-1, max-image-preview:large, max-video-preview:-1\" \/>\n<link rel=\"canonical\" href=\"https:\/\/www.arpet.fi\/index.php\/remonttiraha-arvonnan-saannot\/\" \/>\n<meta property=\"og:locale\" content=\"fi_FI\" \/>\n<meta property=\"og:type\" content=\"article\" \/>\n<meta property=\"og:title\" content=\"REMONTTIRAHA - ARVONNAN S\u00c4\u00c4NN\u00d6T -\" \/>\n<meta property=\"og:description\" content=\"Arvonnan s\u00e4\u00e4nn\u00f6t ARPET OY Muuta:\u00a0 Arvonnan p\u00e4\u00e4ttymisest\u00e4 ja arvonnan voittajasta voidaan ilmoittaa kaikille siihen osallistuneille [&hellip;]\" \/>\n<meta property=\"og:url\" content=\"https:\/\/www.arpet.fi\/index.php\/remonttiraha-arvonnan-saannot\/\" \/>\n<meta property=\"article:modified_time\" content=\"2024-10-16T07:52:32+00:00\" \/>\n<meta name=\"twitter:card\" content=\"summary_large_image\" \/>\n<meta name=\"twitter:label1\" content=\"Arvioitu lukuaika\" \/>\n\t<meta name=\"twitter:data1\" content=\"2 minuuttia\" \/>\n<script type=\"application\/ld+json\" class=\"yoast-schema-graph\">{\"@context\":\"https:\/\/schema.org\",\"@graph\":[{\"@type\":\"WebPage\",\"@id\":\"https:\/\/www.arpet.fi\/index.php\/remonttiraha-arvonnan-saannot\/\",\"url\":\"https:\/\/www.arpet.fi\/index.php\/remonttiraha-arvonnan-saannot\/\",\"name\":\"REMONTTIRAHA - ARVONNAN S\u00c4\u00c4NN\u00d6T -\",\"isPartOf\":{\"@id\":\"https:\/\/www.arpet.fi\/#website\"},\"datePublished\":\"2024-10-16T07:36:30+00:00\",\"dateModified\":\"2024-10-16T07:52:32+00:00\",\"breadcrumb\":{\"@id\":\"https:\/\/www.arpet.fi\/index.php\/remonttiraha-arvonnan-saannot\/#breadcrumb\"},\"inLanguage\":\"fi\",\"potentialAction\":[{\"@type\":\"ReadAction\",\"target\":[\"https:\/\/www.arpet.fi\/index.php\/remonttiraha-arvonnan-saannot\/\"]}]},{\"@type\":\"BreadcrumbList\",\"@id\":\"https:\/\/www.arpet.fi\/index.php\/remonttiraha-arvonnan-saannot\/#breadcrumb\",\"itemListElement\":[{\"@type\":\"ListItem\",\"position\":1,\"name\":\"Etusivu\",\"item\":\"https:\/\/www.arpet.fi\/\"},{\"@type\":\"ListItem\",\"position\":2,\"name\":\"REMONTTIRAHA &#8211; ARVONNAN S\u00c4\u00c4NN\u00d6T\"}]},{\"@type\":\"WebSite\",\"@id\":\"https:\/\/www.arpet.fi\/#website\",\"url\":\"https:\/\/www.arpet.fi\/\",\"name\":\"\",\"description\":\"Remontti- ja siivouspalvelut\",\"potentialAction\":[{\"@type\":\"SearchAction\",\"target\":{\"@type\":\"EntryPoint\",\"urlTemplate\":\"https:\/\/www.arpet.fi\/?s={search_term_string}\"},\"query-input\":\"required name=search_term_string\"}],\"inLanguage\":\"fi\"}]}<\/script>\n<!-- \/ Yoast SEO plugin. -->","yoast_head_json":{"title":"REMONTTIRAHA - ARVONNAN S\u00c4\u00c4NN\u00d6T -","robots":{"index":"index","follow":"follow","max-snippet":"max-snippet:-1","max-image-preview":"max-image-preview:large","max-video-preview":"max-video-preview:-1"},"canonical":"https:\/\/www.arpet.fi\/index.php\/remonttiraha-arvonnan-saannot\/","og_locale":"fi_FI","og_type":"article","og_title":"REMONTTIRAHA - ARVONNAN S\u00c4\u00c4NN\u00d6T -","og_description":"Arvonnan s\u00e4\u00e4nn\u00f6t ARPET OY Muuta:\u00a0 Arvonnan p\u00e4\u00e4ttymisest\u00e4 ja arvonnan voittajasta voidaan ilmoittaa kaikille siihen osallistuneille [&hellip;]","og_url":"https:\/\/www.arpet.fi\/index.php\/remonttiraha-arvonnan-saannot\/","article_modified_time":"2024-10-16T07:52:32+00:00","twitter_card":"summary_large_image","twitter_misc":{"Arvioitu lukuaika":"2 minuuttia"},"schema":{"@context":"https:\/\/schema.org","@graph":[{"@type":"WebPage","@id":"https:\/\/www.arpet.fi\/index.php\/remonttiraha-arvonnan-saannot\/","url":"https:\/\/www.arpet.fi\/index.php\/remonttiraha-arvonnan-saannot\/","name":"REMONTTIRAHA - ARVONNAN S\u00c4\u00c4NN\u00d6T -","isPartOf":{"@id":"https:\/\/www.arpet.fi\/#website"},"datePublished":"2024-10-16T07:36:30+00:00","dateModified":"2024-10-16T07:52:32+00:00","breadcrumb":{"@id":"https:\/\/www.arpet.fi\/index.php\/remonttiraha-arvonnan-saannot\/#breadcrumb"},"inLanguage":"fi","potentialAction":[{"@type":"ReadAction","target":["https:\/\/www.arpet.fi\/index.php\/remonttiraha-arvonnan-saannot\/"]}]},{"@type":"BreadcrumbList","@id":"https:\/\/www.arpet.fi\/index.php\/remonttiraha-arvonnan-saannot\/#breadcrumb","itemListElement":[{"@type":"ListItem","position":1,"name":"Etusivu","item":"https:\/\/www.arpet.fi\/"},{"@type":"ListItem","position":2,"name":"REMONTTIRAHA &#8211; ARVONNAN S\u00c4\u00c4NN\u00d6T"}]},{"@type":"WebSite","@id":"https:\/\/www.arpet.fi\/#website","url":"https:\/\/www.arpet.fi\/","name":"","description":"Remontti- ja siivouspalvelut","potentialAction":[{"@type":"SearchAction","target":{"@type":"EntryPoint","urlTemplate":"https:\/\/www.arpet.fi\/?s={search_term_string}"},"query-input":"required name=search_term_string"}],"inLanguage":"fi"}]}},"_links":{"self":[{"href":"https:\/\/www.arpet.fi\/index.php\/wp-json\/wp\/v2\/pages\/310"}],"collection":[{"href":"https:\/\/www.arpet.fi\/index.php\/wp-json\/wp\/v2\/pages"}],"about":[{"href":"https:\/\/www.arpet.fi\/index.php\/wp-json\/wp\/v2\/types\/page"}],"author":[{"embeddable":true,"href":"https:\/\/www.arpet.fi\/index.php\/wp-json\/wp\/v2\/users\/1"}],"replies":[{"embeddable":true,"href":"https:\/\/www.arpet.fi\/index.php\/wp-json\/wp\/v2\/comments?post=310"}],"version-history":[{"count":2,"href":"https:\/\/www.arpet.fi\/index.php\/wp-json\/wp\/v2\/pages\/310\/revisions"}],"predecessor-version":[{"id":313,"href":"https:\/\/www.arpet.fi\/index.php\/wp-json\/wp\/v2\/pages\/310\/revisions\/313"}],"wp:attachment":[{"href":"https:\/\/www.arpet.fi\/index.php\/wp-json\/wp\/v2\/media?parent=310"}],"curies":[{"name":"wp","href":"https:\/\/api.w.org\/{rel}","templated":true}]}}