{"id":253,"date":"2023-07-21T12:00:00","date_gmt":"2023-07-21T09:00:00","guid":{"rendered":"https:\/\/www.arpet.fi\/?page_id=253"},"modified":"2023-08-07T09:00:49","modified_gmt":"2023-08-07T06:00:49","slug":"rahoitus","status":"publish","type":"page","link":"https:\/\/www.arpet.fi\/index.php\/rahoitus\/","title":{"rendered":"Rahoitus"},"content":{"rendered":"\n<h2>RAHOITUS<\/h2>\n\n\n\n<p>Hoida hankintasi vaivatta OP:n rahoituksella.<\/p>\n\n\n\n<p>Laske itsellesi sopiva kuukausier\u00e4 laskurilla ja t\u00e4yt\u00e4 hakemus helposti.<\/p>\n\n\n\n<ul>\n<li>Rahoitus 2 500\u201350 000 \u20ac.<\/li>\n\n\n\n<li>Joustava takaisinmaksuaika.<\/li>\n\n\n\n<li>Edullinen korko OP-prime + 6,95 %*.<\/li>\n\n\n\n<li>Laskutuspalkkio 7 \u20ac\/kk.<\/li>\n\n\n\n<li>Kuukausi korotonta ja kulutonta maksuaikaa.<\/li>\n\n\n\n<li>Voit maksaa koko luoton kerralla pois ilman lis\u00e4kuluja.<\/li>\n\n\n\n<li>Omistusoikeus siirtyy heti.<\/li>\n\n\n\n<li>Ei k\u00e4sirahaa.<\/li>\n<\/ul>\n\n\n\n<p><em>*Rahoitus on kertaluotto, jonka todellinen vuosikorko 7 500 euron luotolle on 12,28 %, kun luoton korko on OP-prime + 6,95%, (10,15 % 6\/23), laskutuspalkkio 7 \u20ac\/kk. Arvioitu luoton kokonaiskustannus on 11&nbsp;172,88 \u20ac. Laskelma on tehty olettaen, ett\u00e4 luotto on nostettu kokonaan, luoton korko sek\u00e4 maksut ja palkkiot pysyv\u00e4t samana koko luottoajan ja luotto maksetaan takaisin 127,50 \u20ac minimilyhennyksin (1,7 % luoton m\u00e4\u00e4r\u00e4st\u00e4) kuukauden v\u00e4lein, jolloin luottoaika on 88 kk. Luoton my\u00f6nt\u00e4\u00e4 OP Yrityspankki Oyj, Gebhardinaukio 1, 00510 Helsinki.<\/em><\/p>\n","protected":false},"excerpt":{"rendered":"<p>RAHOITUS Hoida hankintasi vaivatta OP:n rahoituksella. Laske itsellesi sopiva kuukausier\u00e4 laskurilla ja t\u00e4yt\u00e4 hakemus helposti. [&hellip;]<\/p>\n","protected":false},"author":1,"featured_media":0,"parent":0,"menu_order":0,"comment_status":"closed","ping_status":"closed","template":"page-no-title","meta":{"om_disable_all_campaigns":false,"_monsterinsights_skip_tracking":false,"_monsterinsights_sitenote_active":false,"_monsterinsights_sitenote_note":"","_monsterinsights_sitenote_category":0},"aioseo_notices":[],"yoast_head":"<!-- This site is optimized with the Yoast SEO plugin v21.1 - https:\/\/yoast.com\/wordpress\/plugins\/seo\/ -->\n<title>Rahoitus -<\/title>\n<meta name=\"robots\" content=\"index, follow, max-snippet:-1, max-image-preview:large, max-video-preview:-1\" \/>\n<link rel=\"canonical\" href=\"https:\/\/www.arpet.fi\/index.php\/rahoitus\/\" \/>\n<meta property=\"og:locale\" content=\"fi_FI\" \/>\n<meta property=\"og:type\" content=\"article\" \/>\n<meta property=\"og:title\" content=\"Rahoitus -\" \/>\n<meta property=\"og:description\" content=\"RAHOITUS Hoida hankintasi vaivatta OP:n rahoituksella. Laske itsellesi sopiva kuukausier\u00e4 laskurilla ja t\u00e4yt\u00e4 hakemus helposti. [&hellip;]\" \/>\n<meta property=\"og:url\" content=\"https:\/\/www.arpet.fi\/index.php\/rahoitus\/\" \/>\n<meta property=\"article:modified_time\" content=\"2023-08-07T06:00:49+00:00\" \/>\n<meta name=\"twitter:card\" content=\"summary_large_image\" \/>\n<meta name=\"twitter:label1\" content=\"Arvioitu lukuaika\" \/>\n\t<meta name=\"twitter:data1\" content=\"1 minuutti\" \/>\n<script type=\"application\/ld+json\" class=\"yoast-schema-graph\">{\"@context\":\"https:\/\/schema.org\",\"@graph\":[{\"@type\":\"WebPage\",\"@id\":\"https:\/\/www.arpet.fi\/index.php\/rahoitus\/\",\"url\":\"https:\/\/www.arpet.fi\/index.php\/rahoitus\/\",\"name\":\"Rahoitus -\",\"isPartOf\":{\"@id\":\"https:\/\/www.arpet.fi\/#website\"},\"datePublished\":\"2023-07-21T09:00:00+00:00\",\"dateModified\":\"2023-08-07T06:00:49+00:00\",\"breadcrumb\":{\"@id\":\"https:\/\/www.arpet.fi\/index.php\/rahoitus\/#breadcrumb\"},\"inLanguage\":\"fi\",\"potentialAction\":[{\"@type\":\"ReadAction\",\"target\":[\"https:\/\/www.arpet.fi\/index.php\/rahoitus\/\"]}]},{\"@type\":\"BreadcrumbList\",\"@id\":\"https:\/\/www.arpet.fi\/index.php\/rahoitus\/#breadcrumb\",\"itemListElement\":[{\"@type\":\"ListItem\",\"position\":1,\"name\":\"Etusivu\",\"item\":\"https:\/\/www.arpet.fi\/\"},{\"@type\":\"ListItem\",\"position\":2,\"name\":\"Rahoitus\"}]},{\"@type\":\"WebSite\",\"@id\":\"https:\/\/www.arpet.fi\/#website\",\"url\":\"https:\/\/www.arpet.fi\/\",\"name\":\"\",\"description\":\"Remontti- ja siivouspalvelut\",\"potentialAction\":[{\"@type\":\"SearchAction\",\"target\":{\"@type\":\"EntryPoint\",\"urlTemplate\":\"https:\/\/www.arpet.fi\/?s={search_term_string}\"},\"query-input\":\"required name=search_term_string\"}],\"inLanguage\":\"fi\"}]}<\/script>\n<!-- \/ Yoast SEO plugin. -->","yoast_head_json":{"title":"Rahoitus -","robots":{"index":"index","follow":"follow","max-snippet":"max-snippet:-1","max-image-preview":"max-image-preview:large","max-video-preview":"max-video-preview:-1"},"canonical":"https:\/\/www.arpet.fi\/index.php\/rahoitus\/","og_locale":"fi_FI","og_type":"article","og_title":"Rahoitus -","og_description":"RAHOITUS Hoida hankintasi vaivatta OP:n rahoituksella. Laske itsellesi sopiva kuukausier\u00e4 laskurilla ja t\u00e4yt\u00e4 hakemus helposti. [&hellip;]","og_url":"https:\/\/www.arpet.fi\/index.php\/rahoitus\/","article_modified_time":"2023-08-07T06:00:49+00:00","twitter_card":"summary_large_image","twitter_misc":{"Arvioitu lukuaika":"1 minuutti"},"schema":{"@context":"https:\/\/schema.org","@graph":[{"@type":"WebPage","@id":"https:\/\/www.arpet.fi\/index.php\/rahoitus\/","url":"https:\/\/www.arpet.fi\/index.php\/rahoitus\/","name":"Rahoitus -","isPartOf":{"@id":"https:\/\/www.arpet.fi\/#website"},"datePublished":"2023-07-21T09:00:00+00:00","dateModified":"2023-08-07T06:00:49+00:00","breadcrumb":{"@id":"https:\/\/www.arpet.fi\/index.php\/rahoitus\/#breadcrumb"},"inLanguage":"fi","potentialAction":[{"@type":"ReadAction","target":["https:\/\/www.arpet.fi\/index.php\/rahoitus\/"]}]},{"@type":"BreadcrumbList","@id":"https:\/\/www.arpet.fi\/index.php\/rahoitus\/#breadcrumb","itemListElement":[{"@type":"ListItem","position":1,"name":"Etusivu","item":"https:\/\/www.arpet.fi\/"},{"@type":"ListItem","position":2,"name":"Rahoitus"}]},{"@type":"WebSite","@id":"https:\/\/www.arpet.fi\/#website","url":"https:\/\/www.arpet.fi\/","name":"","description":"Remontti- ja siivouspalvelut","potentialAction":[{"@type":"SearchAction","target":{"@type":"EntryPoint","urlTemplate":"https:\/\/www.arpet.fi\/?s={search_term_string}"},"query-input":"required name=search_term_string"}],"inLanguage":"fi"}]}},"_links":{"self":[{"href":"https:\/\/www.arpet.fi\/index.php\/wp-json\/wp\/v2\/pages\/253"}],"collection":[{"href":"https:\/\/www.arpet.fi\/index.php\/wp-json\/wp\/v2\/pages"}],"about":[{"href":"https:\/\/www.arpet.fi\/index.php\/wp-json\/wp\/v2\/types\/page"}],"author":[{"embeddable":true,"href":"https:\/\/www.arpet.fi\/index.php\/wp-json\/wp\/v2\/users\/1"}],"replies":[{"embeddable":true,"href":"https:\/\/www.arpet.fi\/index.php\/wp-json\/wp\/v2\/comments?post=253"}],"version-history":[{"count":4,"href":"https:\/\/www.arpet.fi\/index.php\/wp-json\/wp\/v2\/pages\/253\/revisions"}],"predecessor-version":[{"id":267,"href":"https:\/\/www.arpet.fi\/index.php\/wp-json\/wp\/v2\/pages\/253\/revisions\/267"}],"wp:attachment":[{"href":"https:\/\/www.arpet.fi\/index.php\/wp-json\/wp\/v2\/media?parent=253"}],"curies":[{"name":"wp","href":"https:\/\/api.w.org\/{rel}","templated":true}]}}