{"id":218,"date":"2023-01-16T19:49:01","date_gmt":"2023-01-16T19:49:01","guid":{"rendered":"https:\/\/www.arpet.fi\/?page_id=218"},"modified":"2023-01-16T19:52:00","modified_gmt":"2023-01-16T19:52:00","slug":"kaytamme-evasteita","status":"publish","type":"page","link":"https:\/\/www.arpet.fi\/index.php\/kaytamme-evasteita\/","title":{"rendered":"K\u00e4yt\u00e4mme ev\u00e4steit\u00e4"},"content":{"rendered":"\n<h1>K\u00e4yt\u00e4mme ev\u00e4steit\u00e4<\/h1>\n\n\n\n<p>Seuraamme verkkosivustomme k\u00e4ytt\u00f6\u00e4 ev\u00e4steill\u00e4. Alla on lis\u00e4tietoa<\/p>\n\n\n\n<ul>\n<li>ev\u00e4steist\u00e4,<\/li>\n\n\n\n<li>siit\u00e4, miten k\u00e4yt\u00e4mme niit\u00e4; sek\u00e4<\/li>\n\n\n\n<li>miten voit hallita niiden k\u00e4ytt\u00f6\u00e4.<\/li>\n<\/ul>\n\n\n\n<p>Jos et hyv\u00e4ksy n\u00e4it\u00e4 ehtoja, \u00e4l\u00e4 k\u00e4yt\u00e4 sivujamme.<\/p>\n\n\n\n<p><strong>1 Mit\u00e4 ev\u00e4steet ovat?<\/strong><\/p>\n\n\n\n<p>Ev\u00e4steet ovat pieni\u00e4 tekstitiedostoja, jotka tallennetaan tietokoneellesi tai muulle p\u00e4\u00e4telaitteellesi, kun k\u00e4yt verkkosivulla. Jokaisella my\u00f6hemm\u00e4ll\u00e4 vierailukerrallasi ne l\u00e4hetet\u00e4\u00e4n takaisin verkkosivullemme tai toiselle verkkosivulle, joka tunnistaa ev\u00e4steen.<\/p>\n\n\n\n<p>Ev\u00e4steiden avulla pystymme mm. tunnistamaan laitteesi palatessasi sivulle, muistamaan mieltymyksesi ja valintasi, parantamaan k\u00e4ytt\u00f6kokemustasi sek\u00e4 mukauttamaan mainoksiamme sivuillamme sek\u00e4 mahdollisissa muissa palveluissa.<\/p>\n\n\n\n<p>Lis\u00e4tietoa ev\u00e4steist\u00e4 saat sivulta&nbsp;<a href=\"http:\/\/www.aboutcookies.org\/\">www.aboutcookies.org<\/a>.<\/p>\n\n\n\n<p><strong>2 Sivustomme k\u00e4ytt\u00e4m\u00e4t ev\u00e4steet<\/strong><\/p>\n\n\n\n<p>K\u00e4yt\u00e4mme sivustollamme erilaisia ev\u00e4steit\u00e4. Ev\u00e4steit\u00e4 voidaan jaotella sek\u00e4 niiden keston ett\u00e4 k\u00e4ytt\u00f6tarkoituksen mukaan.<\/p>\n\n\n\n<p>Keston osalta k\u00e4yt\u00e4mme sek\u00e4 v\u00e4liaikaisia ett\u00e4 pysyvi\u00e4 ev\u00e4steit\u00e4. V\u00e4liaikaiset ev\u00e4steet s\u00e4ilyv\u00e4t vain siihen saakka, kunnes suljet selaimesi. K\u00e4yt\u00e4mme my\u00f6s pysyvi\u00e4 ev\u00e4steit\u00e4, jotka s\u00e4ilyv\u00e4t pidemm\u00e4n, ennalta m\u00e4\u00e4r\u00e4tyn ajan.<\/p>\n\n\n\n<p>K\u00e4ytt\u00f6tarkoitussidonnaisista ev\u00e4steist\u00e4 l\u00f6yd\u00e4t tietoa alempana.<\/p>\n\n\n\n<p><strong>V\u00e4ltt\u00e4m\u00e4tt\u00f6m\u00e4t<\/strong><\/p>\n\n\n\n<p>Jotkin ev\u00e4steet ovat sivustomme teknisen toiminnan ja k\u00e4yt\u00f6n vuoksi v\u00e4ltt\u00e4m\u00e4tt\u00f6mi\u00e4. N\u00e4m\u00e4 ev\u00e4steet eiv\u00e4t ker\u00e4\u00e4 k\u00e4ytt\u00e4j\u00e4st\u00e4 tietoa, jota voitaisiin hy\u00f6dynt\u00e4\u00e4 markkinoinnissa tai muistamaan k\u00e4ytt\u00e4j\u00e4n valitsemia sivustoja.<\/p>\n\n\n\n<p><strong>Suorituskyky\u00e4 mittaavat<\/strong><\/p>\n\n\n\n<p>Suorituskyky\u00e4 mittaavat ev\u00e4steemme ker\u00e4\u00e4v\u00e4t tietoa siit\u00e4, miten k\u00e4ytt\u00e4j\u00e4t k\u00e4ytt\u00e4v\u00e4t verkkosivujamme (esim. eniten k\u00e4ytetyt sivut, mahdolliset virheviestit). N\u00e4m\u00e4 ev\u00e4steet eiv\u00e4t ker\u00e4\u00e4 k\u00e4ytt\u00e4jist\u00e4 tunnistettavia tietoja, vaan ne ovat anonyymej\u00e4 ja niit\u00e4 k\u00e4ytet\u00e4\u00e4n ainoastaan parantamaan nettisivujen toimivuutta.<\/p>\n\n\n\n<p>Nettisivumme k\u00e4ytt\u00e4\u00e4 Google Analytics \u2013ev\u00e4steit\u00e4. N\u00e4iden ev\u00e4steiden ker\u00e4\u00e4m\u00e4t tiedot siirret\u00e4\u00e4n ja tallennetaan Googlen palvelimille, joista osa saattaa sijaita EU:n ulkopuolella ja joihin t\u00e4ss\u00e4 tapauksessa sovelletaan paikallista tietosuojalains\u00e4\u00e4d\u00e4nt\u00f6\u00e4. Lis\u00e4tietoja Googlen yksityisyysk\u00e4yt\u00e4nn\u00f6ist\u00e4 ja Google Analyticsin k\u00e4yt\u00f6st\u00e4:<\/p>\n\n\n\n<p><a href=\"https:\/\/support.google.com\/analytics\/answer\/6004245\">Google Analytics privacy overview<\/a><\/p>\n\n\n\n<p><a href=\"https:\/\/tools.google.com\/dlpage\/gaoptout?hl=en=GB\">Opt out of Google Analytics tracking<\/a><\/p>\n\n\n\n<p><strong>Toiminnalliset<\/strong><\/p>\n\n\n\n<p>Toiminnallisten ev\u00e4steiden avulla verkkosivumme muistavat valintasi (kuten kieli tai alue) sek\u00e4 tarjoavat parempia ja yksil\u00f6llisempi\u00e4 ominaisuuksia.<\/p>\n\n\n\n<p><strong>Kolmannen osapuolen ev\u00e4steet<\/strong><\/p>\n\n\n\n<p>Sivuillamme on my\u00f6s painikkeita, jotka helpottavat sis\u00e4ll\u00f6n jakamista eri verkkoviestint\u00e4ymp\u00e4rist\u00f6ihin ja sosiaaliseen mediaan. Jos k\u00e4yt\u00e4t n\u00e4it\u00e4 painikkeita, valitsemaltasi palvelulta voidaan asettaa ev\u00e4ste p\u00e4\u00e4telaitteellesi. N\u00e4m\u00e4 ev\u00e4steet eiv\u00e4t ole hallinnassamme. Lis\u00e4tietoja kolmannen osapuolen ev\u00e4steiden k\u00e4yt\u00f6st\u00e4 saat kyseisen osapuolen verkkosivulta.<\/p>\n\n\n\n<p>Verkkosivumme saattaa hyv\u00e4ksy\u00e4 n\u00e4iden kolmansien osapuolten palveluiden ev\u00e4steet. N\u00e4it\u00e4 voivat olla esimerkiksi Facebook- tai Google-palveluiden kautta n\u00e4ytett\u00e4v\u00e4t mainokset.<\/p>\n\n\n\n<p><strong>3 Miten ev\u00e4steit\u00e4 hallitaan ja miten ne poistetaan?<\/strong><\/p>\n\n\n\n<p>Suurin osa verkkoselaimista hyv\u00e4ksyy ev\u00e4steet, mutta voit yleens\u00e4 muuttaa selaimen asetuksia ja est\u00e4\u00e4 uusien ev\u00e4steiden tallennuksen, poistaa olemassa olevat ev\u00e4steet k\u00e4yt\u00f6st\u00e4 tai pyyt\u00e4\u00e4 ilmoitusta ennen uusien ev\u00e4steiden tallentamista.<\/p>\n\n\n\n<p>Jos haluat selaimesi est\u00e4v\u00e4n ev\u00e4steiden k\u00e4yt\u00f6n, m\u00e4\u00e4rit\u00e4 asetukset selaimesi valmistajan ohjeiden mukaisesti (yleens\u00e4 joko Ohje-, Ty\u00f6kalut- tai Muokkaa-valikossa). Yksityiskohtaisempia ohjeita saat osoitteesta&nbsp;<a href=\"http:\/\/www.aboutcookies.org\/\">www.aboutcookies.org<\/a>.<\/p>\n\n\n\n<p>Jos est\u00e4t ev\u00e4steiden tallennuksen tai poistat ne k\u00e4yt\u00f6st\u00e4, jotkin verkkosivujemme toiminnoista eiv\u00e4t v\u00e4ltt\u00e4m\u00e4tt\u00e4 toimi. Ev\u00e4steen tai ev\u00e4steluokan k\u00e4yt\u00f6st\u00e4 poistaminen ei viel\u00e4 poista ev\u00e4stett\u00e4 selaimestasi, vaan sinun on teht\u00e4v\u00e4 se itse selaimesi kautta.<\/p>\n\n\n\n<p><strong>4 Muutokset<\/strong><\/p>\n\n\n\n<p>Ilmoitamme muutoksistamme ev\u00e4steiden k\u00e4yt\u00f6n suhteen t\u00e4\u00e4ll\u00e4. Saatamme my\u00f6s korostaa muutoksia verkkosivuillamme.<\/p>\n\n\n\n<p><a href=\"https:\/\/www.arpet.fi\/\">Takaisin etusivulle<\/a><\/p>\n","protected":false},"excerpt":{"rendered":"<p>K\u00e4yt\u00e4mme ev\u00e4steit\u00e4 Seuraamme verkkosivustomme k\u00e4ytt\u00f6\u00e4 ev\u00e4steill\u00e4. Alla on lis\u00e4tietoa Jos et hyv\u00e4ksy n\u00e4it\u00e4 ehtoja, \u00e4l\u00e4 [&hellip;]<\/p>\n","protected":false},"author":1,"featured_media":0,"parent":0,"menu_order":0,"comment_status":"closed","ping_status":"closed","template":"page-no-title","meta":{"om_disable_all_campaigns":false,"_monsterinsights_skip_tracking":false,"_monsterinsights_sitenote_active":false,"_monsterinsights_sitenote_note":"","_monsterinsights_sitenote_category":0},"aioseo_notices":[],"yoast_head":"<!-- This site is optimized with the Yoast SEO plugin v21.1 - https:\/\/yoast.com\/wordpress\/plugins\/seo\/ -->\n<title>K\u00e4yt\u00e4mme ev\u00e4steit\u00e4 -<\/title>\n<meta name=\"robots\" content=\"index, follow, max-snippet:-1, max-image-preview:large, max-video-preview:-1\" \/>\n<link rel=\"canonical\" href=\"https:\/\/www.arpet.fi\/index.php\/kaytamme-evasteita\/\" \/>\n<meta property=\"og:locale\" content=\"fi_FI\" \/>\n<meta property=\"og:type\" content=\"article\" \/>\n<meta property=\"og:title\" content=\"K\u00e4yt\u00e4mme ev\u00e4steit\u00e4 -\" \/>\n<meta property=\"og:description\" content=\"K\u00e4yt\u00e4mme ev\u00e4steit\u00e4 Seuraamme verkkosivustomme k\u00e4ytt\u00f6\u00e4 ev\u00e4steill\u00e4. Alla on lis\u00e4tietoa Jos et hyv\u00e4ksy n\u00e4it\u00e4 ehtoja, \u00e4l\u00e4 [&hellip;]\" \/>\n<meta property=\"og:url\" content=\"https:\/\/www.arpet.fi\/index.php\/kaytamme-evasteita\/\" \/>\n<meta property=\"article:modified_time\" content=\"2023-01-16T19:52:00+00:00\" \/>\n<meta name=\"twitter:card\" content=\"summary_large_image\" \/>\n<meta name=\"twitter:label1\" content=\"Arvioitu lukuaika\" \/>\n\t<meta name=\"twitter:data1\" content=\"3 minuuttia\" \/>\n<script type=\"application\/ld+json\" class=\"yoast-schema-graph\">{\"@context\":\"https:\/\/schema.org\",\"@graph\":[{\"@type\":\"WebPage\",\"@id\":\"https:\/\/www.arpet.fi\/index.php\/kaytamme-evasteita\/\",\"url\":\"https:\/\/www.arpet.fi\/index.php\/kaytamme-evasteita\/\",\"name\":\"K\u00e4yt\u00e4mme ev\u00e4steit\u00e4 -\",\"isPartOf\":{\"@id\":\"https:\/\/www.arpet.fi\/#website\"},\"datePublished\":\"2023-01-16T19:49:01+00:00\",\"dateModified\":\"2023-01-16T19:52:00+00:00\",\"breadcrumb\":{\"@id\":\"https:\/\/www.arpet.fi\/index.php\/kaytamme-evasteita\/#breadcrumb\"},\"inLanguage\":\"fi\",\"potentialAction\":[{\"@type\":\"ReadAction\",\"target\":[\"https:\/\/www.arpet.fi\/index.php\/kaytamme-evasteita\/\"]}]},{\"@type\":\"BreadcrumbList\",\"@id\":\"https:\/\/www.arpet.fi\/index.php\/kaytamme-evasteita\/#breadcrumb\",\"itemListElement\":[{\"@type\":\"ListItem\",\"position\":1,\"name\":\"Etusivu\",\"item\":\"https:\/\/www.arpet.fi\/\"},{\"@type\":\"ListItem\",\"position\":2,\"name\":\"K\u00e4yt\u00e4mme ev\u00e4steit\u00e4\"}]},{\"@type\":\"WebSite\",\"@id\":\"https:\/\/www.arpet.fi\/#website\",\"url\":\"https:\/\/www.arpet.fi\/\",\"name\":\"\",\"description\":\"Remontti- ja siivouspalvelut\",\"potentialAction\":[{\"@type\":\"SearchAction\",\"target\":{\"@type\":\"EntryPoint\",\"urlTemplate\":\"https:\/\/www.arpet.fi\/?s={search_term_string}\"},\"query-input\":\"required name=search_term_string\"}],\"inLanguage\":\"fi\"}]}<\/script>\n<!-- \/ Yoast SEO plugin. -->","yoast_head_json":{"title":"K\u00e4yt\u00e4mme ev\u00e4steit\u00e4 -","robots":{"index":"index","follow":"follow","max-snippet":"max-snippet:-1","max-image-preview":"max-image-preview:large","max-video-preview":"max-video-preview:-1"},"canonical":"https:\/\/www.arpet.fi\/index.php\/kaytamme-evasteita\/","og_locale":"fi_FI","og_type":"article","og_title":"K\u00e4yt\u00e4mme ev\u00e4steit\u00e4 -","og_description":"K\u00e4yt\u00e4mme ev\u00e4steit\u00e4 Seuraamme verkkosivustomme k\u00e4ytt\u00f6\u00e4 ev\u00e4steill\u00e4. Alla on lis\u00e4tietoa Jos et hyv\u00e4ksy n\u00e4it\u00e4 ehtoja, \u00e4l\u00e4 [&hellip;]","og_url":"https:\/\/www.arpet.fi\/index.php\/kaytamme-evasteita\/","article_modified_time":"2023-01-16T19:52:00+00:00","twitter_card":"summary_large_image","twitter_misc":{"Arvioitu lukuaika":"3 minuuttia"},"schema":{"@context":"https:\/\/schema.org","@graph":[{"@type":"WebPage","@id":"https:\/\/www.arpet.fi\/index.php\/kaytamme-evasteita\/","url":"https:\/\/www.arpet.fi\/index.php\/kaytamme-evasteita\/","name":"K\u00e4yt\u00e4mme ev\u00e4steit\u00e4 -","isPartOf":{"@id":"https:\/\/www.arpet.fi\/#website"},"datePublished":"2023-01-16T19:49:01+00:00","dateModified":"2023-01-16T19:52:00+00:00","breadcrumb":{"@id":"https:\/\/www.arpet.fi\/index.php\/kaytamme-evasteita\/#breadcrumb"},"inLanguage":"fi","potentialAction":[{"@type":"ReadAction","target":["https:\/\/www.arpet.fi\/index.php\/kaytamme-evasteita\/"]}]},{"@type":"BreadcrumbList","@id":"https:\/\/www.arpet.fi\/index.php\/kaytamme-evasteita\/#breadcrumb","itemListElement":[{"@type":"ListItem","position":1,"name":"Etusivu","item":"https:\/\/www.arpet.fi\/"},{"@type":"ListItem","position":2,"name":"K\u00e4yt\u00e4mme ev\u00e4steit\u00e4"}]},{"@type":"WebSite","@id":"https:\/\/www.arpet.fi\/#website","url":"https:\/\/www.arpet.fi\/","name":"","description":"Remontti- ja siivouspalvelut","potentialAction":[{"@type":"SearchAction","target":{"@type":"EntryPoint","urlTemplate":"https:\/\/www.arpet.fi\/?s={search_term_string}"},"query-input":"required name=search_term_string"}],"inLanguage":"fi"}]}},"_links":{"self":[{"href":"https:\/\/www.arpet.fi\/index.php\/wp-json\/wp\/v2\/pages\/218"}],"collection":[{"href":"https:\/\/www.arpet.fi\/index.php\/wp-json\/wp\/v2\/pages"}],"about":[{"href":"https:\/\/www.arpet.fi\/index.php\/wp-json\/wp\/v2\/types\/page"}],"author":[{"embeddable":true,"href":"https:\/\/www.arpet.fi\/index.php\/wp-json\/wp\/v2\/users\/1"}],"replies":[{"embeddable":true,"href":"https:\/\/www.arpet.fi\/index.php\/wp-json\/wp\/v2\/comments?post=218"}],"version-history":[{"count":2,"href":"https:\/\/www.arpet.fi\/index.php\/wp-json\/wp\/v2\/pages\/218\/revisions"}],"predecessor-version":[{"id":222,"href":"https:\/\/www.arpet.fi\/index.php\/wp-json\/wp\/v2\/pages\/218\/revisions\/222"}],"wp:attachment":[{"href":"https:\/\/www.arpet.fi\/index.php\/wp-json\/wp\/v2\/media?parent=218"}],"curies":[{"name":"wp","href":"https:\/\/api.w.org\/{rel}","templated":true}]}}